{"id":2879,"date":"2022-02-15T17:02:13","date_gmt":"2022-02-15T22:02:13","guid":{"rendered":"https:\/\/lms.technationcanada.ca\/skill-builder-forms\/"},"modified":"2023-10-03T12:18:57","modified_gmt":"2023-10-03T16:18:57","slug":"formulaires-de-developpeur-de-competences","status":"publish","type":"page","link":"https:\/\/lms.technationcanada.ca\/fr-ca\/formulaires-de-developpeur-de-competences\/","title":{"rendered":"Plans d&rsquo;apprentissage et de performance"},"content":{"rendered":"<p><a href=\"https:\/\/lms.technationcanada.ca\/fr-ca\/formulaires-de-developpeur-de-competences\/developpeur-de-competences-analyste-commercial\/\" target=\"_blank\" rel=\"noreferrer noopener\" title=\"&Eacute;valuation du rendement de l&rsquo;analyste commercial\">&Eacute;valuation du rendement de l&rsquo;analyste commercial<\/a><\/p>\n<p><a href=\"https:\/\/lms.technationcanada.ca\/fr-ca\/formulaires-de-developpeur-de-competences\/developpeur-de-competences-developpeur\/\" target=\"_blank\" rel=\"noreferrer noopener\" title=\"&Eacute;valuation du rendement du d&eacute;veloppeur\">&Eacute;valuation du rendement du d&eacute;veloppeur<\/a><\/p>\n<p><a href=\"https:\/\/lms.technationcanada.ca\/fr-ca\/formulaires-de-developpeur-de-competences\/developpeur-de-competences-specialiste-en-marketing-numerique\/\" target=\"_blank\" rel=\"noopener\" title=\"&Eacute;valuation du rendement du sp&eacute;cialiste en marketing num&eacute;rique\">&Eacute;valuation du rendement du sp&eacute;cialiste en marketing num&eacute;rique<\/a><\/p>\n<p><a href=\"https:\/\/lms.technationcanada.ca\/fr-ca\/formulaires-de-developpeur-de-competences\/developpeur-de-competences-ingenieur\/\" target=\"_blank\" rel=\"noreferrer noopener\" title=\"&Eacute;valuation du rendement de l&rsquo;ing&eacute;nieur\">&Eacute;valuation du rendement de l&rsquo;ing&eacute;nieur<\/a><\/p>\n<p><a href=\"https:\/\/lms.technationcanada.ca\/fr-ca\/formulaires-de-developpeur-de-competences\/developpeur-de-competences-concepteur-graphique\/\" target=\"_blank\" rel=\"noreferrer noopener\" title=\"&Eacute;valuation du rendement du concepteur graphique\">&Eacute;valuation du rendement du concepteur graphique<\/a><\/p>\n<p><a href=\"https:\/\/lms.technationcanada.ca\/fr-ca\/formulaires-de-developpeur-de-competences\/developpeur-de-competences-programmeur\/\" target=\"_blank\" rel=\"noreferrer noopener\" title=\"&Eacute;valuation du rendement du programmeur\">&Eacute;valuation du rendement du programmeur<\/a><\/p>\n<p><a href=\"https:\/\/lms.technationcanada.ca\/fr-ca\/formulaires-de-developpeur-de-competences\/developpeur-de-competences-chef-de-projet\/\" target=\"_blank\" rel=\"noreferrer noopener\" title=\"&Eacute;valuation du rendement du chef de projet\">&Eacute;valuation du rendement du chef de projet<\/a><\/p>\n<p><a href=\"https:\/\/lms.technationcanada.ca\/fr-ca\/formulaires-de-developpeur-de-competences\/developpeur-de-competences-chercheur\/\" target=\"_blank\" rel=\"noreferrer noopener\" title=\"&Eacute;valuation du rendement du chercheur\">&Eacute;valuation du rendement du chercheur<\/a><\/p>\n<p><a href=\"https:\/\/lms.technationcanada.ca\/fr-ca\/formulaires-de-developpeur-de-competences\/developpeur-de-competences-concepteur-deu-iu\/\" target=\"_blank\" rel=\"noreferrer noopener\" title=\"&Eacute;valuation du rendement du concepteur d&rsquo;EU\/IU\">&Eacute;valuation du rendement du concepteur d&rsquo;EU\/IU<\/a><\/p>\n<p><a href=\"https:\/\/lms.technationcanada.ca\/fr-ca\/formulaires-de-developpeur-de-competences\/developpeur-de-competences-creez-la-votre\/\" target=\"_blank\" rel=\"noreferrer noopener\" title=\"Cr&eacute;ez votre propre &eacute;valuation du rendement\">Cr&eacute;ez votre propre &eacute;valuation du rendement<\/a><\/p>\n","protected":false},"excerpt":{"rendered":"<p>\u00c9valuation du rendement de l\u2019analyste commercial \u00c9valuation du rendement du d\u00e9veloppeur \u00c9valuation du rendement du sp\u00e9cialiste en marketing num\u00e9rique \u00c9valuation du rendement de l\u2019ing\u00e9nieur \u00c9valuation du rendement du concepteur graphique \u00c9valuation du rendement du programmeur \u00c9valuation du rendement du chef de projet \u00c9valuation du rendement du chercheur \u00c9valuation du rendement du concepteur d\u2019EU\/IU Cr\u00e9ez votre &hellip; <a href=\"https:\/\/lms.technationcanada.ca\/fr-ca\/formulaires-de-developpeur-de-competences\/\">Continued<\/a><\/p>\n","protected":false},"author":2,"featured_media":0,"parent":0,"menu_order":0,"comment_status":"closed","ping_status":"closed","template":"","meta":{"_acf_changed":false,"_monsterinsights_skip_tracking":false,"_monsterinsights_sitenote_active":false,"_monsterinsights_sitenote_note":"","_monsterinsights_sitenote_category":0,"footnotes":""},"class_list":["post-2879","page","type-page","status-publish","hentry","user-has-not-earned"],"acf":[],"aioseo_notices":[],"_links":{"self":[{"href":"https:\/\/lms.technationcanada.ca\/fr-ca\/wp-json\/wp\/v2\/pages\/2879","targetHints":{"allow":["GET"]}}],"collection":[{"href":"https:\/\/lms.technationcanada.ca\/fr-ca\/wp-json\/wp\/v2\/pages"}],"about":[{"href":"https:\/\/lms.technationcanada.ca\/fr-ca\/wp-json\/wp\/v2\/types\/page"}],"author":[{"embeddable":true,"href":"https:\/\/lms.technationcanada.ca\/fr-ca\/wp-json\/wp\/v2\/users\/2"}],"replies":[{"embeddable":true,"href":"https:\/\/lms.technationcanada.ca\/fr-ca\/wp-json\/wp\/v2\/comments?post=2879"}],"version-history":[{"count":12,"href":"https:\/\/lms.technationcanada.ca\/fr-ca\/wp-json\/wp\/v2\/pages\/2879\/revisions"}],"predecessor-version":[{"id":11117,"href":"https:\/\/lms.technationcanada.ca\/fr-ca\/wp-json\/wp\/v2\/pages\/2879\/revisions\/11117"}],"wp:attachment":[{"href":"https:\/\/lms.technationcanada.ca\/fr-ca\/wp-json\/wp\/v2\/media?parent=2879"}],"curies":[{"name":"wp","href":"https:\/\/api.w.org\/{rel}","templated":true}]}}