{"id":1910,"date":"2021-11-30T18:29:42","date_gmt":"2021-11-30T23:29:42","guid":{"rendered":"https:\/\/lms.technationcanada.ca\/employer-ready-login\/"},"modified":"2022-04-20T19:59:20","modified_gmt":"2022-04-20T23:59:20","slug":"se-connecter","status":"publish","type":"page","link":"https:\/\/lms.technationcanada.ca\/fr-ca\/se-connecter\/","title":{"rendered":"Se connecter"},"content":{"rendered":"<p><strong>Acc&eacute;dez &agrave; des modules, des outils et des ressources d&rsquo;apprentissage en ligne pour am&eacute;liorer les exp&eacute;riences de vos &eacute;tudiants salari&eacute;s.<\/strong><\/p>\n<div style=\"height:45px\" aria-hidden=\"true\" class=\"wp-block-spacer\"><\/div>\n<div class=\"wp-block-columns is-layout-flex wp-container-core-columns-is-layout-9d6595d7 wp-block-columns-is-layout-flex\">\n<div class=\"wp-block-column is-layout-flow wp-block-column-is-layout-flow\" style=\"flex-basis:100%\">\n<div class=\"wp-block-columns is-layout-flex wp-container-core-columns-is-layout-9d6595d7 wp-block-columns-is-layout-flex\">\n<div class=\"wp-block-column login-form-col is-layout-flow wp-block-column-is-layout-flow\" style=\"flex-basis:50%\">\n<h3 class=\"wp-block-heading\">Se connecter<\/h3>\n\t<section class=\"uo_loginForm\">\n\t\t<script>\n\t\t\t\t\t\tlet UOToolkitFrontEndLoginFormData = JSON.parse('{\"turnstileRecaptcha\":false}');\n\t\t<\/script>\n\t\t<style>.login-msg{color:red;} .login-msg.loggedout{color:green;}#loginform label[for=\"user_login\"],#loginform label[for=\"user_pass\"] {display: block;}<\/style>\n\t<div class=\"uo_error\">\n\t\t\t<\/div>\n\n\t\n\t\n\t<p class=\"uo-login-description\">\n\t\t<strong>This is a new and unique login and all employers\/students will have to create a new login the first time (it does not tie to current Career Ready Login credential).<\/strong><br><br>Please login to access courses and additional resources.\t<\/p>\n\n<form name=\"ult-login-form\" id=\"ult-login-form\" action=\"https:\/\/lms.technationcanada.ca\/wp-login.php\" method=\"post\"><input id=\"learndash-login-form\" type=\"hidden\" name=\"learndash-login-form\" value=\"cf258cc55a\"><p class=\"login-username\">\n\t\t\t\t<label for=\"user_login\">Nom d&rsquo;utilisateur ou adresse &eacute;lectronique<\/label>\n\t\t\t\t<input type=\"text\" name=\"log\" id=\"user_login\" autocomplete=\"username\" class=\"input\" value=\"\" size=\"20\">\n\t\t\t<\/p><p class=\"login-password\">\n\t\t\t\t<label for=\"user_pass\">Mot de passe<\/label>\n\t\t\t\t<input type=\"password\" name=\"pwd\" id=\"user_pass\" autocomplete=\"current-password\" spellcheck=\"false\" class=\"input\" value=\"\" size=\"20\">\n\t\t\t<\/p><p class=\"login-remember\"><label><input name=\"rememberme\" type=\"checkbox\" id=\"rememberme\" value=\"forever\" checked> Sauvegarder les coordonn&eacute;es de connexion<\/label><\/p><p class=\"login-submit\">\n\t\t\t\t<input type=\"submit\" name=\"wp-submit\" id=\"wp-submit\" class=\"button button-primary\" value=\"Se connecter\">\n\t\t\t\t<input type=\"hidden\" name=\"redirect_to\" value=\"\/fr-ca\/mon-tableau-de-bord\/\">\n\t\t\t<\/p><a class=\"forgot-link\" href=\"https:\/\/lms.technationcanada.ca\/fr-ca\/se-connecter\/?action=lostpassword\">Mot de passe oubli&eacute;?<\/a><\/form>\n<script type='text\/javascript'>\n    jQuery(document).ready(function () {\n        jQuery('#user_login').attr('required', 'required')\n        jQuery('#user_pass').attr('required', 'required')\n    })\n<\/script>\n\t<\/section>\n\n<\/div>\n<div class=\"wp-block-column signup-col is-layout-flow wp-block-column-is-layout-flow\" style=\"flex-basis:50%\">\n<h4 class=\"wp-block-heading\">S&rsquo;inscrire <\/h4>\n<p>Tous les nouveaux utilisateurs de ce site devront s&rsquo;inscrire. Cliquez sur le bouton d&rsquo;inscription ci-dessous. Cela ne prend qu&rsquo;une minute et vous donnera acc&egrave;s &agrave; des outils et ressources suppl&eacute;mentaires, et vous permettra d&rsquo;ajouter du contenu aux signets pour &eacute;laborer une bo&icirc;te &agrave; outils AIT individualis&eacute;e.<\/p>\n<div class=\"wp-block-buttons is-layout-flex wp-block-buttons-is-layout-flex\">\n<div class=\"wp-block-button has-custom-font-size is-style-fill\" style=\"font-size:1.05rem\"><a class=\"wp-block-button__link has-background no-border-radius\" href=\"https:\/\/lms.technationcanada.ca\/fr-ca\/sign-up\/\" style=\"background-color:#2b2d2c\">S&rsquo;inscrire<\/a><\/div>\n<\/div>\n<\/div>\n<\/div>\n<\/div>\n<\/div>\n","protected":false},"excerpt":{"rendered":"<p>Acc\u00e9dez \u00e0 des modules, des outils et des ressources d\u2019apprentissage en ligne pour am\u00e9liorer les exp\u00e9riences de vos \u00e9tudiants salari\u00e9s. Se connecter S\u2019inscrire Tous les nouveaux utilisateurs de ce site devront s\u2019inscrire. Cliquez sur le bouton d\u2019inscription ci-dessous. Cela ne prend qu\u2019une minute et vous donnera acc\u00e8s \u00e0 des outils et ressources suppl\u00e9mentaires, et vous &hellip; <a href=\"https:\/\/lms.technationcanada.ca\/fr-ca\/se-connecter\/\">Continued<\/a><\/p>\n","protected":false},"author":4,"featured_media":0,"parent":0,"menu_order":0,"comment_status":"closed","ping_status":"closed","template":"","meta":{"_acf_changed":false,"_monsterinsights_skip_tracking":false,"_monsterinsights_sitenote_active":false,"_monsterinsights_sitenote_note":"","_monsterinsights_sitenote_category":0,"footnotes":""},"class_list":["post-1910","page","type-page","status-publish","hentry","user-has-not-earned"],"acf":[],"aioseo_notices":[],"_links":{"self":[{"href":"https:\/\/lms.technationcanada.ca\/fr-ca\/wp-json\/wp\/v2\/pages\/1910","targetHints":{"allow":["GET"]}}],"collection":[{"href":"https:\/\/lms.technationcanada.ca\/fr-ca\/wp-json\/wp\/v2\/pages"}],"about":[{"href":"https:\/\/lms.technationcanada.ca\/fr-ca\/wp-json\/wp\/v2\/types\/page"}],"author":[{"embeddable":true,"href":"https:\/\/lms.technationcanada.ca\/fr-ca\/wp-json\/wp\/v2\/users\/4"}],"replies":[{"embeddable":true,"href":"https:\/\/lms.technationcanada.ca\/fr-ca\/wp-json\/wp\/v2\/comments?post=1910"}],"version-history":[{"count":8,"href":"https:\/\/lms.technationcanada.ca\/fr-ca\/wp-json\/wp\/v2\/pages\/1910\/revisions"}],"predecessor-version":[{"id":3881,"href":"https:\/\/lms.technationcanada.ca\/fr-ca\/wp-json\/wp\/v2\/pages\/1910\/revisions\/3881"}],"wp:attachment":[{"href":"https:\/\/lms.technationcanada.ca\/fr-ca\/wp-json\/wp\/v2\/media?parent=1910"}],"curies":[{"name":"wp","href":"https:\/\/api.w.org\/{rel}","templated":true}]}}