{"id":1896,"date":"2021-11-20T22:48:22","date_gmt":"2021-11-21T03:48:22","guid":{"rendered":"https:\/\/lms.technationcanada.ca\/accessibility-for-ontarians-with-disabilities\/"},"modified":"2022-04-20T17:29:56","modified_gmt":"2022-04-20T21:29:56","slug":"accessibilite","status":"publish","type":"page","link":"https:\/\/lms.technationcanada.ca\/fr-ca\/accessibilite\/","title":{"rendered":"Accessibilit\u00e9 pour les personnes handicap\u00e9es de l\u2019Ontario"},"content":{"rendered":"<p class=\"has-normal-font-size\"><strong>TECHNATION s&rsquo;engage &agrave; fournir un excellent service &agrave; tous les clients, y compris les personnes handicap&eacute;es.<\/strong><\/p>\n<p>L&rsquo;objectif de TECHNATION est de cr&eacute;er un environnement inclusif &agrave; l&rsquo;&eacute;gard de tous les membres de la communaut&eacute;. TECHNATION se concentre &agrave; cerner, &agrave; supprimer et &agrave; pr&eacute;venir les obstacles aux personnes handicap&eacute;es. Les politiques et proc&eacute;dures de TECHNATION sont conformes &agrave; la Loi de 2005 sur l&rsquo;accessibilit&eacute; pour les personnes handicap&eacute;es de l&rsquo;Ontario (LAPHO) et aux Normes d&rsquo;accessibilit&eacute; int&eacute;gr&eacute;es. Ces politiques et proc&eacute;dures seront r&eacute;vis&eacute;es et mises &agrave; jour r&eacute;guli&egrave;rement afin d&rsquo;am&eacute;liorer l&rsquo;accessibilit&eacute; des personnes handicap&eacute;es.<\/p>\n<h3 class=\"wp-block-heading\">Processus de r&eacute;troaction:<\/h3>\n<p>Les commentaires et la r&eacute;troaction concernant la prestation de services aux personnes handicap&eacute;es sont les bienvenus, car ils peuvent aider &agrave; identifier les domaines qui n&eacute;cessitent des changements et contribuer &agrave; une am&eacute;lioration continue. Les commentaires seront trait&eacute;s imm&eacute;diatement, bien que certaines r&eacute;ponses puissent n&eacute;cessiter un examen plus approfondi.<\/p>\n<p>Pour nous faire part de vos commentaires ou suggestions, veuillez nous contacter en utilisant l&rsquo;une des m&eacute;thodes suivantes:<\/p>\n<h5 class=\"wp-block-heading\">Par courriel:<\/h5>\n<h5 class=\"wp-block-heading\"><a href=\"mailto:jhall@technationcanada.ca\">jhall@technationcanada.ca<\/a><\/h5>\n<div style=\"height:15px\" aria-hidden=\"true\" class=\"wp-block-spacer\"><\/div>\n<h5 class=\"wp-block-heading\">Par &eacute;crit:<\/h5>\n<p>TECHNATION<br>5090 Explorer Drive<br>bureau 510<br>Mississauga Ontario<br>L4W 3T9<\/p>\n","protected":false},"excerpt":{"rendered":"<p>TECHNATION s\u2019engage \u00e0 fournir un excellent service \u00e0 tous les clients, y compris les personnes handicap\u00e9es. L\u2019objectif de TECHNATION est de cr\u00e9er un environnement inclusif \u00e0 l\u2019\u00e9gard de tous les membres de la communaut\u00e9. TECHNATION se concentre \u00e0 cerner, \u00e0 supprimer et \u00e0 pr\u00e9venir les obstacles aux personnes handicap\u00e9es. Les politiques et proc\u00e9dures de TECHNATION &hellip; <a href=\"https:\/\/lms.technationcanada.ca\/fr-ca\/accessibilite\/\">Continued<\/a><\/p>\n","protected":false},"author":4,"featured_media":0,"parent":0,"menu_order":0,"comment_status":"closed","ping_status":"closed","template":"","meta":{"_acf_changed":false,"_monsterinsights_skip_tracking":false,"_monsterinsights_sitenote_active":false,"_monsterinsights_sitenote_note":"","_monsterinsights_sitenote_category":0,"footnotes":""},"class_list":["post-1896","page","type-page","status-publish","hentry","user-has-not-earned"],"acf":[],"aioseo_notices":[],"_links":{"self":[{"href":"https:\/\/lms.technationcanada.ca\/fr-ca\/wp-json\/wp\/v2\/pages\/1896","targetHints":{"allow":["GET"]}}],"collection":[{"href":"https:\/\/lms.technationcanada.ca\/fr-ca\/wp-json\/wp\/v2\/pages"}],"about":[{"href":"https:\/\/lms.technationcanada.ca\/fr-ca\/wp-json\/wp\/v2\/types\/page"}],"author":[{"embeddable":true,"href":"https:\/\/lms.technationcanada.ca\/fr-ca\/wp-json\/wp\/v2\/users\/4"}],"replies":[{"embeddable":true,"href":"https:\/\/lms.technationcanada.ca\/fr-ca\/wp-json\/wp\/v2\/comments?post=1896"}],"version-history":[{"count":13,"href":"https:\/\/lms.technationcanada.ca\/fr-ca\/wp-json\/wp\/v2\/pages\/1896\/revisions"}],"predecessor-version":[{"id":3824,"href":"https:\/\/lms.technationcanada.ca\/fr-ca\/wp-json\/wp\/v2\/pages\/1896\/revisions\/3824"}],"wp:attachment":[{"href":"https:\/\/lms.technationcanada.ca\/fr-ca\/wp-json\/wp\/v2\/media?parent=1896"}],"curies":[{"name":"wp","href":"https:\/\/api.w.org\/{rel}","templated":true}]}}