{"id":1873,"date":"2021-11-20T22:46:51","date_gmt":"2021-11-21T03:46:51","guid":{"rendered":"https:\/\/lms.technationcanada.ca\/contact\/"},"modified":"2022-04-20T17:32:42","modified_gmt":"2022-04-20T21:32:42","slug":"contact","status":"publish","type":"page","link":"https:\/\/lms.technationcanada.ca\/fr-ca\/contact\/","title":{"rendered":"Contact"},"content":{"rendered":"<p>TECHNATION est une affaire de personnes et de relations, et pas seulement une affaire de TIC. Si vous d&eacute;sirez en apprendre davantage sur notre association, y compris notre effectif, n&rsquo;h&eacute;sitez pas &agrave; nous contacter. Vous pouvez &eacute;galement explorer TECHNATION sur notre site Web <a href=\"https:\/\/technationcanada.ca\/\" target=\"_blank\" rel=\"noreferrer noopener\">ici<\/a>.<\/p>\n<div class=\"frm_forms  with_frm_style frm_style_technation-default\" id=\"frm_form_16_container\" data-token=\"0d83607a46e82df144b0397eaadb7f6e\">\n<form enctype=\"multipart\/form-data\" method=\"post\" class=\"frm-show-form  frm_js_validate  frm_pro_form \" id=\"form_contact-us\" data-token=\"0d83607a46e82df144b0397eaadb7f6e\">\n<div class=\"frm_form_fields \">\n<fieldset>\n<legend class=\"frm_screen_reader\">Contact Us<\/legend>\n<div class=\"frm_fields_container\"><input type=\"hidden\" name=\"frm_action\" value=\"create\"><input type=\"hidden\" name=\"form_id\" value=\"16\"><input type=\"hidden\" name=\"frm_hide_fields_16\" id=\"frm_hide_fields_16\" value=\"\"><input type=\"hidden\" name=\"form_key\" value=\"contact-us\"><input type=\"hidden\" name=\"item_meta[0]\" value=\"\"><input type=\"hidden\" id=\"frm_submit_entry_16\" name=\"frm_submit_entry_16\" value=\"ee3454b443\"><input type=\"hidden\" name=\"_wp_http_referer\" value=\"\/fr-ca\/wp-json\/wp\/v2\/pages\/1873\"><p><\/p>\n<div id=\"frm_field_1480_container\" class=\"frm_form_field  frm_html_container form-field\">\n<p style=\"text-align: right\">* Les ast&eacute;risques indiquent les champs obligatoires.<\/p>\n<\/div>\n<div id=\"frm_field_136_container\" class=\"frm_form_field form-field  frm_required_field frm_top_container frm_first frm_half\"><label for=\"field_qh4icy2\" id=\"field_qh4icy2_label\" class=\"frm_primary_label\">Premier nom<span class=\"frm_required\" aria-hidden=\"true\">*<\/span><\/label><input type=\"text\" id=\"field_qh4icy2\" name=\"item_meta[136]\" value=\"\" data-reqmsg=\"Ce champ ne peut pas &ecirc;tre vide.\" aria-required=\"true\" data-invmsg=\"Le nom n&rsquo;est pas valide.\" aria-invalid=\"false\"><\/div>\n<div id=\"frm_field_137_container\" class=\"frm_form_field form-field  frm_required_field frm_top_container frm_half\"><label for=\"field_ocfup12\" id=\"field_ocfup12_label\" class=\"frm_primary_label\">Nom de famille<span class=\"frm_required\" aria-hidden=\"true\">*<\/span><\/label><input type=\"text\" id=\"field_ocfup12\" name=\"item_meta[137]\" value=\"\" data-reqmsg=\"Ce champ ne peut pas &ecirc;tre vide.\" aria-required=\"true\" data-invmsg=\"Le dernier n&rsquo;est pas valide.\" aria-invalid=\"false\"><\/div>\n<div id=\"frm_field_141_container\" class=\"frm_form_field form-field  frm_required_field frm_top_container frm_first frm_half\"><label for=\"field_fsogw\" id=\"field_fsogw_label\" class=\"frm_primary_label\">Nom de l&rsquo;entreprise ou de l&rsquo;organisation&nbsp;:<span class=\"frm_required\" aria-hidden=\"true\">*<\/span><\/label><input type=\"text\" id=\"field_fsogw\" name=\"item_meta[141]\" value=\"\" data-reqmsg=\"Ce champ ne peut pas &ecirc;tre vide.\" aria-required=\"true\" data-invmsg=\"Le texte n&rsquo;est pas valide.\" aria-invalid=\"false\"><\/div>\n<div id=\"frm_field_143_container\" class=\"frm_form_field form-field  frm_required_field frm_top_container frm_half\"><label for=\"field_45a7i\" id=\"field_45a7i_label\" class=\"frm_primary_label\">Province&nbsp;:<span class=\"frm_required\" aria-hidden=\"true\">*<\/span><\/label><select name=\"item_meta[143]\" id=\"field_45a7i\" data-reqmsg=\"Ce champ ne peut pas &ecirc;tre vide.\" aria-required=\"true\" data-invmsg=\"Province&nbsp;: is invalid\" aria-invalid=\"false\"><option value=\"\" selected> <\/option><option value=\"Alberta\">Alberta<\/option><option value=\"British Columbia\">Colombie-Britannique<\/option><option value=\"Manitoba\">Manitoba<\/option><option value=\"New Brunswick\">Nouveau-Brunswick<\/option><option value=\"Newfoundland and Labrador\">Terre-Neuve-et-Labrador<\/option><option value=\"Northwest Territories\">Territoires du Nord-Ouest<\/option><option value=\"Nova Scotia\">Nouvelle-&Eacute;cosse<\/option><option value=\"Nunavut\">Nunavut<\/option><option value=\"Ontario\">Ontario<\/option><option value=\"Prince Edward Island\">&Icirc;le-du-Prince-&Eacute;douard<\/option><option value=\"Quebec\">Qu&eacute;bec<\/option><option value=\"Saskatchewan\">Saskatchewan<\/option><option value=\"Yukon\">Yukon<\/option><\/select><\/div>\n<div id=\"frm_field_138_container\" class=\"frm_form_field form-field  frm_required_field frm_top_container frm_half frm_first\"><label for=\"field_29yf4d2\" id=\"field_29yf4d2_label\" class=\"frm_primary_label\">Courriel&nbsp;:<span class=\"frm_required\" aria-hidden=\"true\">*<\/span><\/label><input type=\"email\" id=\"field_29yf4d2\" name=\"item_meta[138]\" value=\"\" data-reqmsg=\"Ce champ ne peut pas &ecirc;tre vide.\" aria-required=\"true\" data-invmsg=\"Veuillez saisir une adresse &eacute;lectronique valide.\" aria-invalid=\"false\"><\/div>\n<div id=\"frm_field_144_container\" class=\"frm_form_field form-field  frm_top_container frm_half\"><label for=\"field_hc2r8\" id=\"field_hc2r8_label\" class=\"frm_primary_label\">T&eacute;l&eacute;phone&nbsp;:<span class=\"frm_required\" aria-hidden=\"true\"><\/span><\/label><input type=\"tel\" id=\"field_hc2r8\" name=\"item_meta[144]\" value=\"\" data-frmmask=\"(000) 000-0000\" placeholder=\"(999) 999-9999\" data-invmsg=\"Le t&eacute;l&eacute;phone n&rsquo;est pas valide.\" aria-invalid=\"false\" pattern=\"\\(\\d\\d\\d\\) \\d\\d\\d-\\d\\d\\d\\d$\"><\/div>\n<div id=\"frm_field_139_container\" class=\"frm_form_field form-field  frm_required_field frm_top_container\"><label for=\"field_e6lis62\" id=\"field_e6lis62_label\" class=\"frm_primary_label\">Ligne d&rsquo;objet&nbsp;:<span class=\"frm_required\" aria-hidden=\"true\">*<\/span><\/label><input type=\"text\" id=\"field_e6lis62\" name=\"item_meta[139]\" value=\"\" data-reqmsg=\"Ce champ ne peut pas &ecirc;tre vide.\" aria-required=\"true\" data-invmsg=\"Le sujet n&rsquo;est pas valide.\" aria-invalid=\"false\"><\/div>\n<div id=\"frm_field_140_container\" class=\"frm_form_field form-field  frm_required_field frm_top_container frm_full\"><label for=\"field_9jv0r12\" id=\"field_9jv0r12_label\" class=\"frm_primary_label\">Raison pour laquelle vous contactez TECHNATION&nbsp;:<span class=\"frm_required\" aria-hidden=\"true\">*<\/span><\/label><textarea name=\"item_meta[140]\" id=\"field_9jv0r12\" rows=\"5\" data-reqmsg=\"Ce champ ne peut pas &ecirc;tre vide.\" aria-required=\"true\" data-invmsg=\"Raison pour laquelle vous contactez TECHNATION&nbsp;: is invalid\" aria-invalid=\"false\"><\/textarea><\/div>\n<div id=\"frm_field_1867_container\" class=\"frm_form_field form-field  frm_none_container\"><label for=\"g-recaptcha-response\" id=\"field_eoz60_label\" class=\"frm_primary_label\">Captcha<span class=\"frm_required\" aria-hidden=\"true\"><\/span><\/label><p><\/p>\n<div id=\"field_eoz60\" class=\"frm-g-recaptcha\" data-sitekey=\"6Lf_ktUqAAAAAOYWYQuHGuO3QuYs0nlOQmYwO8Ta\" data-size=\"invisible\" data-theme=\"light\"><\/div>\n<\/div>\n<div id=\"frm_field_1815_container\" class=\"frm_form_field form-field \">\n<div class=\"frm_submit\"><button class=\"frm_button_submit frm_final_submit\" type=\"submit\" formnovalidate=\"formnovalidate\">Submit<\/button><\/div>\n<\/div>\n<p><input type=\"hidden\" name=\"item_meta[10001]\" id=\"field_10001\" value=\"0\" data-frmval=\"0\"><input type=\"hidden\" name=\"item_meta[10002]\" id=\"field_10002\" value=\"0\" data-frmval=\"0\"><input type=\"hidden\" name=\"item_meta[10003]\" id=\"field_10003\" value=\"0\" data-frmval=\"0\"><input type=\"hidden\" name=\"item_key\" value=\"\"><\/p>\n<div id=\"frm_field_1897_container\"><label for=\"field_y3acw\">If you are human, leave this field blank.<\/label><input id=\"field_y3acw\" type=\"text\" class=\"frm_form_field form-field frm_verify\" name=\"item_meta[1897]\" value=\"\"><\/div>\n<p><input name=\"frm_state\" type=\"hidden\" value=\"dPHJ\/HdTDJJrH14YZ1HBNlTPLtYiaB0zwqiBPDSz2lrFDXQd06YSC6a3osFcg61Y\"><\/p><\/div>\n<\/fieldset>\n<\/div>\n<p style=\"display: none !important;\" class=\"akismet-fields-container\" data-prefix=\"ak_\"><label>&Delta;<textarea name=\"ak_hp_textarea\" cols=\"45\" rows=\"8\" maxlength=\"100\"><\/textarea><\/label><input type=\"hidden\" id=\"ak_js_1\" name=\"ak_js\" value=\"159\"><script>document.getElementById( \"ak_js_1\" ).setAttribute( \"value\", ( new Date() ).getTime() );<\/script><\/p>\n<\/form>\n<\/div>\n","protected":false},"excerpt":{"rendered":"<p>TECHNATION est une affaire de personnes et de relations, et pas seulement une affaire de TIC. Si vous d\u00e9sirez en apprendre davantage sur notre association, y compris notre effectif, n\u2019h\u00e9sitez pas \u00e0 nous contacter. Vous pouvez \u00e9galement explorer TECHNATION sur notre site Web ici.<\/p>\n","protected":false},"author":4,"featured_media":0,"parent":0,"menu_order":0,"comment_status":"closed","ping_status":"closed","template":"","meta":{"_acf_changed":false,"_monsterinsights_skip_tracking":false,"_monsterinsights_sitenote_active":false,"_monsterinsights_sitenote_note":"","_monsterinsights_sitenote_category":0,"footnotes":""},"class_list":["post-1873","page","type-page","status-publish","hentry","user-has-not-earned"],"acf":[],"aioseo_notices":[],"_links":{"self":[{"href":"https:\/\/lms.technationcanada.ca\/fr-ca\/wp-json\/wp\/v2\/pages\/1873","targetHints":{"allow":["GET"]}}],"collection":[{"href":"https:\/\/lms.technationcanada.ca\/fr-ca\/wp-json\/wp\/v2\/pages"}],"about":[{"href":"https:\/\/lms.technationcanada.ca\/fr-ca\/wp-json\/wp\/v2\/types\/page"}],"author":[{"embeddable":true,"href":"https:\/\/lms.technationcanada.ca\/fr-ca\/wp-json\/wp\/v2\/users\/4"}],"replies":[{"embeddable":true,"href":"https:\/\/lms.technationcanada.ca\/fr-ca\/wp-json\/wp\/v2\/comments?post=1873"}],"version-history":[{"count":4,"href":"https:\/\/lms.technationcanada.ca\/fr-ca\/wp-json\/wp\/v2\/pages\/1873\/revisions"}],"predecessor-version":[{"id":2501,"href":"https:\/\/lms.technationcanada.ca\/fr-ca\/wp-json\/wp\/v2\/pages\/1873\/revisions\/2501"}],"wp:attachment":[{"href":"https:\/\/lms.technationcanada.ca\/fr-ca\/wp-json\/wp\/v2\/media?parent=1873"}],"curies":[{"name":"wp","href":"https:\/\/api.w.org\/{rel}","templated":true}]}}